{"id":1324,"date":"2025-02-27T16:49:31","date_gmt":"2025-02-27T15:49:31","guid":{"rendered":"https:\/\/kateryna.frings-medienservice.de\/?page_id=1324"},"modified":"2025-03-05T09:17:38","modified_gmt":"2025-03-05T08:17:38","slug":"make-up","status":"publish","type":"page","link":"https:\/\/kateryna.frings-medienservice.de\/uk\/make-up\/","title":{"rendered":"Make-up"},"content":{"rendered":"<div data-elementor-type=\"wp-page\" data-elementor-id=\"1324\" class=\"elementor elementor-1324\">\n\t\t\t\t\t\t<section class=\"elementor-section elementor-top-section elementor-element elementor-element-60t2h36 elementor-section-boxed elementor-section-height-default elementor-section-height-default\" data-id=\"60t2h36\" data-element_type=\"section\" data-settings=\"{&quot;background_background&quot;:&quot;classic&quot;}\">\n\t\t\t\t\t\t<div class=\"elementor-container elementor-column-gap-default\">\n\t\t\t\t\t<div class=\"elementor-column elementor-col-100 elementor-top-column elementor-element elementor-element-67dd6d7\" data-id=\"67dd6d7\" data-element_type=\"column\">\n\t\t\t<div class=\"elementor-widget-wrap elementor-element-populated\">\n\t\t\t\t\t\t<div class=\"elementor-element elementor-element-62ccdbb elementor-widget elementor-widget-heading\" data-id=\"62ccdbb\" data-element_type=\"widget\" data-widget_type=\"heading.default\">\n\t\t\t\t<div class=\"elementor-widget-container\">\n\t\t\t\t\t<h2 class=\"elementor-heading-title elementor-size-default\">Make-up<\/h2>\t\t\t\t<\/div>\n\t\t\t\t<\/div>\n\t\t\t\t<div class=\"elementor-element elementor-element-2e7a1a7 elementor-align-center elementor-widget elementor-widget-button\" data-id=\"2e7a1a7\" data-element_type=\"widget\" data-widget_type=\"button.default\">\n\t\t\t\t<div class=\"elementor-widget-container\">\n\t\t\t\t\t\t\t\t\t<div class=\"elementor-button-wrapper\">\n\t\t\t\t\t<a class=\"elementor-button elementor-button-link elementor-size-sm\" href=\"https:\/\/kateryna.frings-medienservice.de\/uk\/kontakt\/\">\n\t\t\t\t\t\t<span class=\"elementor-button-content-wrapper\">\n\t\t\t\t\t\t\t\t\t<span class=\"elementor-button-text\">Jetz Termin Buchen<\/span>\n\t\t\t\t\t<\/span>\n\t\t\t\t\t<\/a>\n\t\t\t\t<\/div>\n\t\t\t\t\t\t\t\t<\/div>\n\t\t\t\t<\/div>\n\t\t\t\t<div class=\"elementor-element elementor-element-f5edfbe elementor-widget elementor-widget-text-editor\" data-id=\"f5edfbe\" data-element_type=\"widget\" data-widget_type=\"text-editor.default\">\n\t\t\t\t<div class=\"elementor-widget-container\">\n\t\t\t\t\t\t\t\t\t<h4>Willkommen in der Welt der professionellen Permanent-Make-Up&#8217;s!<\/h4>\t\t\t\t\t\t\t\t<\/div>\n\t\t\t\t<\/div>\n\t\t\t\t<div class=\"elementor-element elementor-element-f4e2acc elementor-widget-divider--view-line elementor-widget elementor-widget-divider\" data-id=\"f4e2acc\" data-element_type=\"widget\" data-widget_type=\"divider.default\">\n\t\t\t\t<div class=\"elementor-widget-container\">\n\t\t\t\t\t\t\t<div class=\"elementor-divider\">\n\t\t\t<span class=\"elementor-divider-separator\">\n\t\t\t\t\t\t<\/span>\n\t\t<\/div>\n\t\t\t\t\t\t<\/div>\n\t\t\t\t<\/div>\n\t\t\t\t<div class=\"elementor-element elementor-element-dd4e6db gallery-spacing-custom elementor-widget elementor-widget-image-gallery\" data-id=\"dd4e6db\" data-element_type=\"widget\" data-widget_type=\"image-gallery.default\">\n\t\t\t\t<div class=\"elementor-widget-container\">\n\t\t\t\t\t\t\t<div class=\"elementor-image-gallery\">\n\t\t\t<div id='gallery-1' class='gallery galleryid-1324 gallery-columns-4 gallery-size-full'><figure class='gallery-item'>\n\t\t\t<div class='gallery-icon landscape'>\n\t\t\t\t<a data-elementor-open-lightbox=\"yes\" data-elementor-lightbox-slideshow=\"dd4e6db\" data-elementor-lightbox-title=\"Haarschnitte3\" data-e-action-hash=\"#elementor-action%3Aaction%3Dlightbox%26settings%3DeyJpZCI6MTgwNCwidXJsIjoiaHR0cHM6XC9cL2thdGVyeW5hLmZyaW5ncy1tZWRpZW5zZXJ2aWNlLmRlXC93cC1jb250ZW50XC91cGxvYWRzXC8yMDI1XC8wM1wvSGFhcnNjaG5pdHRlMy5qcGciLCJzbGlkZXNob3ciOiJkZDRlNmRiIn0%3D\" href='https:\/\/kateryna.frings-medienservice.de\/wp-content\/uploads\/2025\/03\/Haarschnitte3.jpg'><img fetchpriority=\"high\" decoding=\"async\" width=\"384\" height=\"384\" src=\"https:\/\/kateryna.frings-medienservice.de\/wp-content\/uploads\/2025\/03\/Haarschnitte3.jpg\" class=\"attachment-full size-full\" alt=\"\" srcset=\"https:\/\/kateryna.frings-medienservice.de\/wp-content\/uploads\/2025\/03\/Haarschnitte3.jpg 384w, https:\/\/kateryna.frings-medienservice.de\/wp-content\/uploads\/2025\/03\/Haarschnitte3-300x300.jpg 300w, https:\/\/kateryna.frings-medienservice.de\/wp-content\/uploads\/2025\/03\/Haarschnitte3-150x150.jpg 150w, https:\/\/kateryna.frings-medienservice.de\/wp-content\/uploads\/2025\/03\/Haarschnitte3-12x12.jpg 12w\" sizes=\"(max-width: 384px) 100vw, 384px\" \/><\/a>\n\t\t\t<\/div><\/figure><figure class='gallery-item'>\n\t\t\t<div class='gallery-icon landscape'>\n\t\t\t\t<a data-elementor-open-lightbox=\"yes\" data-elementor-lightbox-slideshow=\"dd4e6db\" data-elementor-lightbox-title=\"Haarschnitte4\" data-e-action-hash=\"#elementor-action%3Aaction%3Dlightbox%26settings%3DeyJpZCI6MTgwNSwidXJsIjoiaHR0cHM6XC9cL2thdGVyeW5hLmZyaW5ncy1tZWRpZW5zZXJ2aWNlLmRlXC93cC1jb250ZW50XC91cGxvYWRzXC8yMDI1XC8wM1wvSGFhcnNjaG5pdHRlNC5qcGciLCJzbGlkZXNob3ciOiJkZDRlNmRiIn0%3D\" href='https:\/\/kateryna.frings-medienservice.de\/wp-content\/uploads\/2025\/03\/Haarschnitte4.jpg'><img decoding=\"async\" width=\"384\" height=\"384\" src=\"https:\/\/kateryna.frings-medienservice.de\/wp-content\/uploads\/2025\/03\/Haarschnitte4.jpg\" class=\"attachment-full size-full\" alt=\"\" srcset=\"https:\/\/kateryna.frings-medienservice.de\/wp-content\/uploads\/2025\/03\/Haarschnitte4.jpg 384w, https:\/\/kateryna.frings-medienservice.de\/wp-content\/uploads\/2025\/03\/Haarschnitte4-300x300.jpg 300w, https:\/\/kateryna.frings-medienservice.de\/wp-content\/uploads\/2025\/03\/Haarschnitte4-150x150.jpg 150w, https:\/\/kateryna.frings-medienservice.de\/wp-content\/uploads\/2025\/03\/Haarschnitte4-12x12.jpg 12w\" sizes=\"(max-width: 384px) 100vw, 384px\" \/><\/a>\n\t\t\t<\/div><\/figure><figure class='gallery-item'>\n\t\t\t<div class='gallery-icon landscape'>\n\t\t\t\t<a data-elementor-open-lightbox=\"yes\" data-elementor-lightbox-slideshow=\"dd4e6db\" data-elementor-lightbox-title=\"Haarschnitte2\" data-e-action-hash=\"#elementor-action%3Aaction%3Dlightbox%26settings%3DeyJpZCI6MTgwMCwidXJsIjoiaHR0cHM6XC9cL2thdGVyeW5hLmZyaW5ncy1tZWRpZW5zZXJ2aWNlLmRlXC93cC1jb250ZW50XC91cGxvYWRzXC8yMDI1XC8wM1wvSGFhcnNjaG5pdHRlMi5qcGciLCJzbGlkZXNob3ciOiJkZDRlNmRiIn0%3D\" href='https:\/\/kateryna.frings-medienservice.de\/wp-content\/uploads\/2025\/03\/Haarschnitte2.jpg'><img decoding=\"async\" width=\"384\" height=\"384\" src=\"https:\/\/kateryna.frings-medienservice.de\/wp-content\/uploads\/2025\/03\/Haarschnitte2.jpg\" class=\"attachment-full size-full\" alt=\"\" srcset=\"https:\/\/kateryna.frings-medienservice.de\/wp-content\/uploads\/2025\/03\/Haarschnitte2.jpg 384w, https:\/\/kateryna.frings-medienservice.de\/wp-content\/uploads\/2025\/03\/Haarschnitte2-300x300.jpg 300w, https:\/\/kateryna.frings-medienservice.de\/wp-content\/uploads\/2025\/03\/Haarschnitte2-150x150.jpg 150w, https:\/\/kateryna.frings-medienservice.de\/wp-content\/uploads\/2025\/03\/Haarschnitte2-12x12.jpg 12w\" sizes=\"(max-width: 384px) 100vw, 384px\" \/><\/a>\n\t\t\t<\/div><\/figure><figure class='gallery-item'>\n\t\t\t<div class='gallery-icon landscape'>\n\t\t\t\t<a data-elementor-open-lightbox=\"yes\" data-elementor-lightbox-slideshow=\"dd4e6db\" data-elementor-lightbox-title=\"Haarschnitte1\" data-e-action-hash=\"#elementor-action%3Aaction%3Dlightbox%26settings%3DeyJpZCI6MTc5OSwidXJsIjoiaHR0cHM6XC9cL2thdGVyeW5hLmZyaW5ncy1tZWRpZW5zZXJ2aWNlLmRlXC93cC1jb250ZW50XC91cGxvYWRzXC8yMDI1XC8wM1wvSGFhcnNjaG5pdHRlMS5qcGciLCJzbGlkZXNob3ciOiJkZDRlNmRiIn0%3D\" href='https:\/\/kateryna.frings-medienservice.de\/wp-content\/uploads\/2025\/03\/Haarschnitte1.jpg'><img loading=\"lazy\" decoding=\"async\" width=\"384\" height=\"384\" src=\"https:\/\/kateryna.frings-medienservice.de\/wp-content\/uploads\/2025\/03\/Haarschnitte1.jpg\" class=\"attachment-full size-full\" alt=\"\" srcset=\"https:\/\/kateryna.frings-medienservice.de\/wp-content\/uploads\/2025\/03\/Haarschnitte1.jpg 384w, https:\/\/kateryna.frings-medienservice.de\/wp-content\/uploads\/2025\/03\/Haarschnitte1-300x300.jpg 300w, https:\/\/kateryna.frings-medienservice.de\/wp-content\/uploads\/2025\/03\/Haarschnitte1-150x150.jpg 150w, https:\/\/kateryna.frings-medienservice.de\/wp-content\/uploads\/2025\/03\/Haarschnitte1-12x12.jpg 12w\" sizes=\"(max-width: 384px) 100vw, 384px\" \/><\/a>\n\t\t\t<\/div><\/figure>\n\t\t<\/div>\n\t\t<\/div>\n\t\t\t\t\t\t<\/div>\n\t\t\t\t<\/div>\n\t\t\t\t\t<\/div>\n\t\t<\/div>\n\t\t\t\t\t<\/div>\n\t\t<\/section>\n\t\t<div class=\"elementor-element elementor-element-fad0f20 e-flex e-con-boxed e-con e-parent\" data-id=\"fad0f20\" data-element_type=\"container\">\n\t\t\t\t\t<div class=\"e-con-inner\">\n\t\t\t\t<div class=\"elementor-element elementor-element-f78503a elementor-widget elementor-widget-heading\" data-id=\"f78503a\" data-element_type=\"widget\" data-widget_type=\"heading.default\">\n\t\t\t\t<div class=\"elementor-widget-container\">\n\t\t\t\t\t<h3 class=\"elementor-heading-title elementor-size-default\">Deine Sch\u00f6nheit verdient nur das Beste!<\/h3>\t\t\t\t<\/div>\n\t\t\t\t<\/div>\n\t\t\t\t\t<\/div>\n\t\t\t\t<\/div>\n\t\t<div class=\"elementor-element elementor-element-7f2ab076 e-flex e-con-boxed e-con e-parent\" data-id=\"7f2ab076\" data-element_type=\"container\" data-settings=\"{&quot;background_background&quot;:&quot;classic&quot;}\">\n\t\t\t\t\t<div class=\"e-con-inner\">\n\t\t<div class=\"elementor-element elementor-element-57a18236 e-con-full e-flex e-con e-child\" data-id=\"57a18236\" data-element_type=\"container\">\n\t\t\t\t<div class=\"elementor-element elementor-element-6b32a53a elementor-widget elementor-widget-heading\" data-id=\"6b32a53a\" data-element_type=\"widget\" data-widget_type=\"heading.default\">\n\t\t\t\t<div class=\"elementor-widget-container\">\n\t\t\t\t\t<h3 class=\"elementor-heading-title elementor-size-default\">Deine Sch\u00f6nheit verdient nur das Beste!<\/h3>\t\t\t\t<\/div>\n\t\t\t\t<\/div>\n\t\t\t\t<\/div>\n\t\t\t\t\t<\/div>\n\t\t\t\t<\/div>\n\t\t<div class=\"elementor-element elementor-element-d19e10b e-flex e-con-boxed e-con e-parent\" data-id=\"d19e10b\" data-element_type=\"container\">\n\t\t\t\t\t<div class=\"e-con-inner\">\n\t\t\t\t<div class=\"elementor-element elementor-element-26f9286 elementor-widget elementor-widget-text-editor\" data-id=\"26f9286\" data-element_type=\"widget\" data-widget_type=\"text-editor.default\">\n\t\t\t\t<div class=\"elementor-widget-container\">\n\t\t\t\t\t\t\t\t\t<p data-start=\"155\" data-end=\"482\"><strong data-start=\"155\" data-end=\"197\">\u00a0Nat\u00fcrliche Sch\u00f6nheit unterstreichen<\/strong><br data-start=\"197\" data-end=\"200\" \/>Jede Person hat ihre ganz eigene, nat\u00fcrliche Sch\u00f6nheit. Mit dem richtigen Make-up kannst du deine besten Seiten betonen, ohne dich zu verstellen. Hochwertige Produkte und die passenden Techniken helfen dir, deinen individuellen Look zu unterstreichen und dich rundum wohlzuf\u00fchlen.<\/p><p data-start=\"484\" data-end=\"812\"><strong data-start=\"484\" data-end=\"521\">\u00a0Qualit\u00e4t, die du sp\u00fcren kannst<\/strong><br data-start=\"521\" data-end=\"524\" \/>Gutes Make-up ist mehr als nur Farbe \u2013 es pflegt, sch\u00fctzt und sorgt f\u00fcr ein angenehmes Tragegef\u00fchl. Unsere sorgf\u00e4ltig ausgew\u00e4hlten Inhaltsstoffe garantieren dir nicht nur ein makelloses Finish, sondern auch eine sanfte Pflege f\u00fcr deine Haut. Denn deine Sch\u00f6nheit verdient nur das Beste!<\/p><p data-start=\"814\" data-end=\"1118\"><strong data-start=\"814\" data-end=\"848\">Trends und zeitlose Eleganz<\/strong><br data-start=\"848\" data-end=\"851\" \/>Ob du einen angesagten Trend ausprobieren oder auf einen klassischen Look setzen m\u00f6chtest \u2013 mit den richtigen Produkten und ein wenig Know-how kannst du jede Stimmung und jeden Anlass perfekt unterstreichen. Lass dich inspirieren und finde deinen pers\u00f6nlichen Stil!<\/p><p data-start=\"1120\" data-end=\"1397\"><strong data-start=\"1120\" data-end=\"1169\">\u00a0Make-up als Ausdruck deiner Pers\u00f6nlichkeit<\/strong><br data-start=\"1169\" data-end=\"1172\" \/>Schminken ist nicht nur Routine, sondern eine Kunstform und ein Mittel zur Selbstentfaltung. Ob dezentes Tages-Make-up oder glamour\u00f6ser Abend-Look \u2013 dein Stil erz\u00e4hlt deine Geschichte. Sei mutig, sei kreativ, sei du selbst!<\/p><p data-start=\"1399\" data-end=\"1695\"><strong data-start=\"1399\" data-end=\"1439\">\u00a0Sch\u00f6nheit beginnt mit Selbstliebe<\/strong><br data-start=\"1439\" data-end=\"1442\" \/>Das beste Make-up ist ein L\u00e4cheln und das Gef\u00fchl, sich selbst zu lieben. Sch\u00f6nheit kommt nicht nur von au\u00dfen, sondern beginnt in deinem Inneren. Unsere Mission ist es, dir Produkte an die Hand zu geben, die dich strahlen lassen \u2013 weil du es wert bist!<\/p>\t\t\t\t\t\t\t\t<\/div>\n\t\t\t\t<\/div>\n\t\t\t\t\t<\/div>\n\t\t\t\t<\/div>\n\t\t\t\t<\/div>","protected":false},"excerpt":{"rendered":"<p>Make-up Jetz Termin Buchen Willkommen in der Welt der professionellen Permanent-Make-Up&#8217;s! Deine Sch\u00f6nheit verdient nur das Beste! Deine Sch\u00f6nheit verdient nur das Beste! \u00a0Nat\u00fcrliche Sch\u00f6nheit unterstreichenJede Person hat ihre ganz eigene, nat\u00fcrliche Sch\u00f6nheit. Mit dem richtigen Make-up kannst du deine besten Seiten betonen, ohne dich zu verstellen. Hochwertige Produkte und die passenden Techniken helfen dir, [&hellip;]<\/p>","protected":false},"author":1,"featured_media":0,"parent":0,"menu_order":0,"comment_status":"closed","ping_status":"closed","template":"","meta":{"site-sidebar-layout":"no-sidebar","site-content-layout":"page-builder","ast-site-content-layout":"full-width-container","site-content-style":"default","site-sidebar-style":"default","ast-global-header-display":"","ast-banner-title-visibility":"","ast-main-header-display":"","ast-hfb-above-header-display":"","ast-hfb-below-header-display":"","ast-hfb-mobile-header-display":"","site-post-title":"disabled","ast-breadcrumbs-content":"","ast-featured-img":"disabled","footer-sml-layout":"","theme-transparent-header-meta":"","adv-header-id-meta":"","stick-header-meta":"","header-above-stick-meta":"","header-main-stick-meta":"","header-below-stick-meta":"","astra-migrate-meta-layouts":"set","ast-page-background-enabled":"default","ast-page-background-meta":{"desktop":{"background-color":"","background-image":"","background-repeat":"repeat","background-position":"center center","background-size":"auto","background-attachment":"scroll","background-type":"","background-media":"","overlay-type":"","overlay-color":"","overlay-opacity":"","overlay-gradient":""},"tablet":{"background-color":"","background-image":"","background-repeat":"repeat","background-position":"center center","background-size":"auto","background-attachment":"scroll","background-type":"","background-media":"","overlay-type":"","overlay-color":"","overlay-opacity":"","overlay-gradient":""},"mobile":{"background-color":"","background-image":"","background-repeat":"repeat","background-position":"center center","background-size":"auto","background-attachment":"scroll","background-type":"","background-media":"","overlay-type":"","overlay-color":"","overlay-opacity":"","overlay-gradient":""}},"ast-content-background-meta":{"desktop":{"background-color":"var(--ast-global-color-5)","background-image":"","background-repeat":"repeat","background-position":"center center","background-size":"auto","background-attachment":"scroll","background-type":"","background-media":"","overlay-type":"","overlay-color":"","overlay-opacity":"","overlay-gradient":""},"tablet":{"background-color":"var(--ast-global-color-5)","background-image":"","background-repeat":"repeat","background-position":"center center","background-size":"auto","background-attachment":"scroll","background-type":"","background-media":"","overlay-type":"","overlay-color":"","overlay-opacity":"","overlay-gradient":""},"mobile":{"background-color":"var(--ast-global-color-5)","background-image":"","background-repeat":"repeat","background-position":"center center","background-size":"auto","background-attachment":"scroll","background-type":"","background-media":"","overlay-type":"","overlay-color":"","overlay-opacity":"","overlay-gradient":""}},"footnotes":""},"class_list":["post-1324","page","type-page","status-publish","hentry"],"yoast_head":"<!-- This site is optimized with the Yoast SEO plugin v24.6 - https:\/\/yoast.com\/wordpress\/plugins\/seo\/ -->\n<title>Make-up - kateryna.frings-medienservice.de<\/title>\n<meta name=\"robots\" content=\"index, follow, max-snippet:-1, max-image-preview:large, max-video-preview:-1\" \/>\n<link rel=\"canonical\" href=\"https:\/\/kateryna.frings-medienservice.de\/uk\/make-up\/\" \/>\n<meta property=\"og:locale\" content=\"uk_UA\" \/>\n<meta property=\"og:type\" content=\"article\" \/>\n<meta property=\"og:title\" content=\"Make-up - kateryna.frings-medienservice.de\" \/>\n<meta property=\"og:description\" content=\"Make-up Jetz Termin Buchen Willkommen in der Welt der professionellen Permanent-Make-Up&#8217;s! Deine Sch\u00f6nheit verdient nur das Beste! Deine Sch\u00f6nheit verdient nur das Beste! \u00a0Nat\u00fcrliche Sch\u00f6nheit unterstreichenJede Person hat ihre ganz eigene, nat\u00fcrliche Sch\u00f6nheit. Mit dem richtigen Make-up kannst du deine besten Seiten betonen, ohne dich zu verstellen. Hochwertige Produkte und die passenden Techniken helfen dir, [&hellip;]\" \/>\n<meta property=\"og:url\" content=\"https:\/\/kateryna.frings-medienservice.de\/uk\/make-up\/\" \/>\n<meta property=\"og:site_name\" content=\"kateryna.frings-medienservice.de\" \/>\n<meta property=\"article:modified_time\" content=\"2025-03-05T08:17:38+00:00\" \/>\n<meta property=\"og:image\" content=\"https:\/\/kateryna.frings-medienservice.de\/wp-content\/uploads\/2025\/03\/Haarschnitte4.jpg\" \/>\n<meta name=\"twitter:card\" content=\"summary_large_image\" \/>\n<meta name=\"twitter:label1\" content=\"\u041f\u0440\u0438\u0431\u043b. \u0447\u0430\u0441 \u0447\u0438\u0442\u0430\u043d\u043d\u044f\" \/>\n\t<meta name=\"twitter:data1\" content=\"3 \u0445\u0432\u0438\u043b\u0438\u043d\u0438\" \/>\n<script type=\"application\/ld+json\" class=\"yoast-schema-graph\">{\"@context\":\"https:\/\/schema.org\",\"@graph\":[{\"@type\":\"WebPage\",\"@id\":\"https:\/\/kateryna.frings-medienservice.de\/make-up\/\",\"url\":\"https:\/\/kateryna.frings-medienservice.de\/make-up\/\",\"name\":\"Make-up - kateryna.frings-medienservice.de\",\"isPartOf\":{\"@id\":\"https:\/\/kateryna.frings-medienservice.de\/#website\"},\"primaryImageOfPage\":{\"@id\":\"https:\/\/kateryna.frings-medienservice.de\/make-up\/#primaryimage\"},\"image\":{\"@id\":\"https:\/\/kateryna.frings-medienservice.de\/make-up\/#primaryimage\"},\"thumbnailUrl\":\"https:\/\/kateryna.frings-medienservice.de\/wp-content\/uploads\/2025\/03\/Haarschnitte4.jpg\",\"datePublished\":\"2025-02-27T15:49:31+00:00\",\"dateModified\":\"2025-03-05T08:17:38+00:00\",\"breadcrumb\":{\"@id\":\"https:\/\/kateryna.frings-medienservice.de\/make-up\/#breadcrumb\"},\"inLanguage\":\"uk\",\"potentialAction\":[{\"@type\":\"ReadAction\",\"target\":[\"https:\/\/kateryna.frings-medienservice.de\/make-up\/\"]}]},{\"@type\":\"ImageObject\",\"inLanguage\":\"uk\",\"@id\":\"https:\/\/kateryna.frings-medienservice.de\/make-up\/#primaryimage\",\"url\":\"https:\/\/kateryna.frings-medienservice.de\/wp-content\/uploads\/2025\/03\/Haarschnitte4.jpg\",\"contentUrl\":\"https:\/\/kateryna.frings-medienservice.de\/wp-content\/uploads\/2025\/03\/Haarschnitte4.jpg\"},{\"@type\":\"BreadcrumbList\",\"@id\":\"https:\/\/kateryna.frings-medienservice.de\/make-up\/#breadcrumb\",\"itemListElement\":[{\"@type\":\"ListItem\",\"position\":1,\"name\":\"Startseite\",\"item\":\"https:\/\/kateryna.frings-medienservice.de\/\"},{\"@type\":\"ListItem\",\"position\":2,\"name\":\"Make-up\"}]},{\"@type\":\"WebSite\",\"@id\":\"https:\/\/kateryna.frings-medienservice.de\/#website\",\"url\":\"https:\/\/kateryna.frings-medienservice.de\/\",\"name\":\"kateryna.frings-medienservice.de\",\"description\":\"\",\"potentialAction\":[{\"@type\":\"SearchAction\",\"target\":{\"@type\":\"EntryPoint\",\"urlTemplate\":\"https:\/\/kateryna.frings-medienservice.de\/?s={search_term_string}\"},\"query-input\":{\"@type\":\"PropertyValueSpecification\",\"valueRequired\":true,\"valueName\":\"search_term_string\"}}],\"inLanguage\":\"uk\"}]}<\/script>\n<!-- \/ Yoast SEO plugin. -->","yoast_head_json":{"title":"Make-up - kateryna.frings-medienservice.de","robots":{"index":"index","follow":"follow","max-snippet":"max-snippet:-1","max-image-preview":"max-image-preview:large","max-video-preview":"max-video-preview:-1"},"canonical":"https:\/\/kateryna.frings-medienservice.de\/uk\/make-up\/","og_locale":"uk_UA","og_type":"article","og_title":"Make-up - kateryna.frings-medienservice.de","og_description":"Make-up Jetz Termin Buchen Willkommen in der Welt der professionellen Permanent-Make-Up&#8217;s! Deine Sch\u00f6nheit verdient nur das Beste! Deine Sch\u00f6nheit verdient nur das Beste! \u00a0Nat\u00fcrliche Sch\u00f6nheit unterstreichenJede Person hat ihre ganz eigene, nat\u00fcrliche Sch\u00f6nheit. Mit dem richtigen Make-up kannst du deine besten Seiten betonen, ohne dich zu verstellen. Hochwertige Produkte und die passenden Techniken helfen dir, [&hellip;]","og_url":"https:\/\/kateryna.frings-medienservice.de\/uk\/make-up\/","og_site_name":"kateryna.frings-medienservice.de","article_modified_time":"2025-03-05T08:17:38+00:00","og_image":[{"url":"https:\/\/kateryna.frings-medienservice.de\/wp-content\/uploads\/2025\/03\/Haarschnitte4.jpg","type":"","width":"","height":""}],"twitter_card":"summary_large_image","twitter_misc":{"\u041f\u0440\u0438\u0431\u043b. \u0447\u0430\u0441 \u0447\u0438\u0442\u0430\u043d\u043d\u044f":"3 \u0445\u0432\u0438\u043b\u0438\u043d\u0438"},"schema":{"@context":"https:\/\/schema.org","@graph":[{"@type":"WebPage","@id":"https:\/\/kateryna.frings-medienservice.de\/make-up\/","url":"https:\/\/kateryna.frings-medienservice.de\/make-up\/","name":"Make-up - kateryna.frings-medienservice.de","isPartOf":{"@id":"https:\/\/kateryna.frings-medienservice.de\/#website"},"primaryImageOfPage":{"@id":"https:\/\/kateryna.frings-medienservice.de\/make-up\/#primaryimage"},"image":{"@id":"https:\/\/kateryna.frings-medienservice.de\/make-up\/#primaryimage"},"thumbnailUrl":"https:\/\/kateryna.frings-medienservice.de\/wp-content\/uploads\/2025\/03\/Haarschnitte4.jpg","datePublished":"2025-02-27T15:49:31+00:00","dateModified":"2025-03-05T08:17:38+00:00","breadcrumb":{"@id":"https:\/\/kateryna.frings-medienservice.de\/make-up\/#breadcrumb"},"inLanguage":"uk","potentialAction":[{"@type":"ReadAction","target":["https:\/\/kateryna.frings-medienservice.de\/make-up\/"]}]},{"@type":"ImageObject","inLanguage":"uk","@id":"https:\/\/kateryna.frings-medienservice.de\/make-up\/#primaryimage","url":"https:\/\/kateryna.frings-medienservice.de\/wp-content\/uploads\/2025\/03\/Haarschnitte4.jpg","contentUrl":"https:\/\/kateryna.frings-medienservice.de\/wp-content\/uploads\/2025\/03\/Haarschnitte4.jpg"},{"@type":"BreadcrumbList","@id":"https:\/\/kateryna.frings-medienservice.de\/make-up\/#breadcrumb","itemListElement":[{"@type":"ListItem","position":1,"name":"Startseite","item":"https:\/\/kateryna.frings-medienservice.de\/"},{"@type":"ListItem","position":2,"name":"Make-up"}]},{"@type":"WebSite","@id":"https:\/\/kateryna.frings-medienservice.de\/#website","url":"https:\/\/kateryna.frings-medienservice.de\/","name":"kateryna.frings-medienservice.de","description":"","potentialAction":[{"@type":"SearchAction","target":{"@type":"EntryPoint","urlTemplate":"https:\/\/kateryna.frings-medienservice.de\/?s={search_term_string}"},"query-input":{"@type":"PropertyValueSpecification","valueRequired":true,"valueName":"search_term_string"}}],"inLanguage":"uk"}]}},"_links":{"self":[{"href":"https:\/\/kateryna.frings-medienservice.de\/uk\/wp-json\/wp\/v2\/pages\/1324","targetHints":{"allow":["GET"]}}],"collection":[{"href":"https:\/\/kateryna.frings-medienservice.de\/uk\/wp-json\/wp\/v2\/pages"}],"about":[{"href":"https:\/\/kateryna.frings-medienservice.de\/uk\/wp-json\/wp\/v2\/types\/page"}],"author":[{"embeddable":true,"href":"https:\/\/kateryna.frings-medienservice.de\/uk\/wp-json\/wp\/v2\/users\/1"}],"replies":[{"embeddable":true,"href":"https:\/\/kateryna.frings-medienservice.de\/uk\/wp-json\/wp\/v2\/comments?post=1324"}],"version-history":[{"count":10,"href":"https:\/\/kateryna.frings-medienservice.de\/uk\/wp-json\/wp\/v2\/pages\/1324\/revisions"}],"predecessor-version":[{"id":2317,"href":"https:\/\/kateryna.frings-medienservice.de\/uk\/wp-json\/wp\/v2\/pages\/1324\/revisions\/2317"}],"wp:attachment":[{"href":"https:\/\/kateryna.frings-medienservice.de\/uk\/wp-json\/wp\/v2\/media?parent=1324"}],"curies":[{"name":"wp","href":"https:\/\/api.w.org\/{rel}","templated":true}]}}