{"id":1327,"date":"2025-02-27T16:50:47","date_gmt":"2025-02-27T15:50:47","guid":{"rendered":"https:\/\/kateryna.frings-medienservice.de\/?page_id=1327"},"modified":"2025-03-05T09:14:28","modified_gmt":"2025-03-05T08:14:28","slug":"kosmetik","status":"publish","type":"page","link":"https:\/\/kateryna.frings-medienservice.de\/uk\/kosmetik\/","title":{"rendered":"\u041a\u043e\u0441\u043c\u0435\u0442\u0438\u043a\u0430"},"content":{"rendered":"<div data-elementor-type=\"wp-page\" data-elementor-id=\"1327\" class=\"elementor elementor-1327\">\n\t\t\t\t\t\t<section class=\"elementor-section elementor-top-section elementor-element elementor-element-lr1fhu8 elementor-section-boxed elementor-section-height-default elementor-section-height-default\" data-id=\"lr1fhu8\" data-element_type=\"section\">\n\t\t\t\t\t\t<div class=\"elementor-container elementor-column-gap-default\">\n\t\t\t\t\t<div class=\"elementor-column elementor-col-50 elementor-top-column elementor-element elementor-element-fbde4a3\" data-id=\"fbde4a3\" data-element_type=\"column\">\n\t\t\t<div class=\"elementor-widget-wrap elementor-element-populated\">\n\t\t\t\t\t\t<div class=\"elementor-element elementor-element-617a17d elementor-widget elementor-widget-heading\" data-id=\"617a17d\" data-element_type=\"widget\" data-widget_type=\"heading.default\">\n\t\t\t\t<div class=\"elementor-widget-container\">\n\t\t\t\t\t<h2 class=\"elementor-heading-title elementor-size-default\">Kosmetik \u2013 Verw\u00f6hnmomente f\u00fcr Haut &amp; Seele<\/h2>\t\t\t\t<\/div>\n\t\t\t\t<\/div>\n\t\t\t\t<div class=\"elementor-element elementor-element-a656589 elementor-widget elementor-widget-text-editor\" data-id=\"a656589\" data-element_type=\"widget\" data-widget_type=\"text-editor.default\">\n\t\t\t\t<div class=\"elementor-widget-container\">\n\t\t\t\t\t\t\t\t\t<p>Sch\u00f6ne Haut beginnt mit der richtigen Pflege! In unserem Beauty-Salon bieten wir ma\u00dfgeschneiderte Kosmetikbehandlungen, die deine Haut pflegen, verj\u00fcngen und ihr einen gesunden Glow verleihen. Unsere Experten verwenden hochwertige Produkte und modernste Techniken, um deine Hautbed\u00fcrfnisse optimal zu erf\u00fcllen.<\/p>\t\t\t\t\t\t\t\t<\/div>\n\t\t\t\t<\/div>\n\t\t\t\t<div class=\"elementor-element elementor-element-ee32c7b elementor-widget__width-initial elementor-arrows-position-inside elementor-widget elementor-widget-image-carousel\" data-id=\"ee32c7b\" data-element_type=\"widget\" data-settings=\"{&quot;slides_to_show&quot;:&quot;1&quot;,&quot;navigation&quot;:&quot;arrows&quot;,&quot;autoplay_speed&quot;:2000,&quot;autoplay&quot;:&quot;yes&quot;,&quot;pause_on_hover&quot;:&quot;yes&quot;,&quot;pause_on_interaction&quot;:&quot;yes&quot;,&quot;infinite&quot;:&quot;yes&quot;,&quot;effect&quot;:&quot;slide&quot;,&quot;speed&quot;:500}\" data-widget_type=\"image-carousel.default\">\n\t\t\t\t<div class=\"elementor-widget-container\">\n\t\t\t\t\t\t\t<div class=\"elementor-image-carousel-wrapper swiper\" role=\"region\" aria-roledescription=\"carousel\" aria-label=\"Bild Karussell\" dir=\"ltr\">\n\t\t\t<div class=\"elementor-image-carousel swiper-wrapper swiper-image-stretch\" aria-live=\"off\">\n\t\t\t\t\t\t\t\t<div class=\"swiper-slide\" role=\"group\" aria-roledescription=\"slide\" aria-label=\"1 von 3\"><figure class=\"swiper-slide-inner\"><img decoding=\"async\" class=\"swiper-slide-image\" src=\"https:\/\/kateryna.frings-medienservice.de\/wp-content\/uploads\/2025\/03\/Kosmetikerin-1.jpg\" alt=\"Kosmetikerin\" \/><\/figure><\/div><div class=\"swiper-slide\" role=\"group\" aria-roledescription=\"slide\" aria-label=\"2 von 3\"><figure class=\"swiper-slide-inner\"><img decoding=\"async\" class=\"swiper-slide-image\" src=\"https:\/\/kateryna.frings-medienservice.de\/wp-content\/uploads\/2025\/03\/Make-up-Wimpern-1-1.jpg\" alt=\"Make-up Wimpern\" \/><\/figure><\/div><div class=\"swiper-slide\" role=\"group\" aria-roledescription=\"slide\" aria-label=\"3 von 3\"><figure class=\"swiper-slide-inner\"><img decoding=\"async\" class=\"swiper-slide-image\" src=\"https:\/\/kateryna.frings-medienservice.de\/wp-content\/uploads\/2025\/03\/Make-up-Wimpern2-1-1.jpg\" alt=\"Make-up Wimpern2\" \/><\/figure><\/div>\t\t\t<\/div>\n\t\t\t\t\t\t\t\t\t\t\t\t<div class=\"elementor-swiper-button elementor-swiper-button-prev\" role=\"button\" tabindex=\"0\">\n\t\t\t\t\t\t<svg aria-hidden=\"true\" class=\"e-font-icon-svg e-eicon-chevron-left\" viewbox=\"0 0 1000 1000\" xmlns=\"http:\/\/www.w3.org\/2000\/svg\"><path d=\"M646 125C629 125 613 133 604 142L308 442C296 454 292 471 292 487 292 504 296 521 308 533L604 854C617 867 629 875 646 875 663 875 679 871 692 858 704 846 713 829 713 812 713 796 708 779 692 767L438 487 692 225C700 217 708 204 708 187 708 171 704 154 692 142 675 129 663 125 646 125Z\"><\/path><\/svg>\t\t\t\t\t<\/div>\n\t\t\t\t\t<div class=\"elementor-swiper-button elementor-swiper-button-next\" role=\"button\" tabindex=\"0\">\n\t\t\t\t\t\t<svg aria-hidden=\"true\" class=\"e-font-icon-svg e-eicon-chevron-right\" viewbox=\"0 0 1000 1000\" xmlns=\"http:\/\/www.w3.org\/2000\/svg\"><path d=\"M696 533C708 521 713 504 713 487 713 471 708 454 696 446L400 146C388 133 375 125 354 125 338 125 325 129 313 142 300 154 292 171 292 187 292 204 296 221 308 233L563 492 304 771C292 783 288 800 288 817 288 833 296 850 308 863 321 871 338 875 354 875 371 875 388 867 400 854L696 533Z\"><\/path><\/svg>\t\t\t\t\t<\/div>\n\t\t\t\t\n\t\t\t\t\t\t\t\t\t<\/div>\n\t\t\t\t\t\t<\/div>\n\t\t\t\t<\/div>\n\t\t\t\t\t<\/div>\n\t\t<\/div>\n\t\t\t\t<div class=\"elementor-column elementor-col-50 elementor-top-column elementor-element elementor-element-ad2ef58\" data-id=\"ad2ef58\" data-element_type=\"column\">\n\t\t\t<div class=\"elementor-widget-wrap elementor-element-populated\">\n\t\t\t\t\t\t<div class=\"elementor-element elementor-element-5ce2de6 elementor-widget elementor-widget-image\" data-id=\"5ce2de6\" data-element_type=\"widget\" data-widget_type=\"image.default\">\n\t\t\t\t<div class=\"elementor-widget-container\">\n\t\t\t\t\t\t\t\t\t\t\t\t\t\t\t<img fetchpriority=\"high\" decoding=\"async\" width=\"384\" height=\"384\" src=\"https:\/\/kateryna.frings-medienservice.de\/wp-content\/uploads\/2025\/03\/Haarschnitte4.jpg\" class=\"attachment-large size-large wp-image-1805\" alt=\"\" srcset=\"https:\/\/kateryna.frings-medienservice.de\/wp-content\/uploads\/2025\/03\/Haarschnitte4.jpg 384w, https:\/\/kateryna.frings-medienservice.de\/wp-content\/uploads\/2025\/03\/Haarschnitte4-300x300.jpg 300w, https:\/\/kateryna.frings-medienservice.de\/wp-content\/uploads\/2025\/03\/Haarschnitte4-150x150.jpg 150w, https:\/\/kateryna.frings-medienservice.de\/wp-content\/uploads\/2025\/03\/Haarschnitte4-12x12.jpg 12w\" sizes=\"(max-width: 384px) 100vw, 384px\" \/>\t\t\t\t\t\t\t\t\t\t\t\t\t\t\t<\/div>\n\t\t\t\t<\/div>\n\t\t\t\t<div class=\"elementor-element elementor-element-35556f5 elementor-widget elementor-widget-heading\" data-id=\"35556f5\" data-element_type=\"widget\" data-widget_type=\"heading.default\">\n\t\t\t\t<div class=\"elementor-widget-container\">\n\t\t\t\t\t<h4 class=\"elementor-heading-title elementor-size-default\">G\u00f6nn dir eine Auszeit und genie\u00dfe pure Entspannung \u2013 f\u00fcr strahlende Sch\u00f6nheit und ein frisches Hautgef\u00fchl!<\/h4>\t\t\t\t<\/div>\n\t\t\t\t<\/div>\n\t\t\t\t<div class=\"elementor-element elementor-element-8cff307 elementor-widget__width-initial elementor-widget elementor-widget-image\" data-id=\"8cff307\" data-element_type=\"widget\" data-widget_type=\"image.default\">\n\t\t\t\t<div class=\"elementor-widget-container\">\n\t\t\t\t\t\t\t\t\t\t\t\t\t\t\t<img decoding=\"async\" width=\"384\" height=\"384\" src=\"https:\/\/kateryna.frings-medienservice.de\/wp-content\/uploads\/2025\/03\/Haarschnitte2.jpg\" class=\"attachment-large size-large wp-image-1800\" alt=\"\" srcset=\"https:\/\/kateryna.frings-medienservice.de\/wp-content\/uploads\/2025\/03\/Haarschnitte2.jpg 384w, https:\/\/kateryna.frings-medienservice.de\/wp-content\/uploads\/2025\/03\/Haarschnitte2-300x300.jpg 300w, https:\/\/kateryna.frings-medienservice.de\/wp-content\/uploads\/2025\/03\/Haarschnitte2-150x150.jpg 150w, https:\/\/kateryna.frings-medienservice.de\/wp-content\/uploads\/2025\/03\/Haarschnitte2-12x12.jpg 12w\" sizes=\"(max-width: 384px) 100vw, 384px\" \/>\t\t\t\t\t\t\t\t\t\t\t\t\t\t\t<\/div>\n\t\t\t\t<\/div>\n\t\t\t\t\t<\/div>\n\t\t<\/div>\n\t\t\t\t\t<\/div>\n\t\t<\/section>\n\t\t\t\t<section class=\"elementor-section elementor-top-section elementor-element elementor-element-y1jr7m3 elementor-section-content-middle elementor-section-boxed elementor-section-height-default elementor-section-height-default\" data-id=\"y1jr7m3\" data-element_type=\"section\" data-settings=\"{&quot;background_background&quot;:&quot;classic&quot;}\">\n\t\t\t\t\t\t<div class=\"elementor-container elementor-column-gap-no\">\n\t\t\t\t\t<div class=\"elementor-column elementor-col-50 elementor-top-column elementor-element elementor-element-57f14dc\" data-id=\"57f14dc\" data-element_type=\"column\">\n\t\t\t<div class=\"elementor-widget-wrap elementor-element-populated\">\n\t\t\t\t\t\t<div class=\"elementor-element elementor-element-56c8c79 elementor-widget elementor-widget-image\" data-id=\"56c8c79\" data-element_type=\"widget\" data-widget_type=\"image.default\">\n\t\t\t\t<div class=\"elementor-widget-container\">\n\t\t\t\t\t\t\t\t\t\t\t\t\t\t\t<img decoding=\"async\" width=\"504\" height=\"452\" src=\"https:\/\/kateryna.frings-medienservice.de\/wp-content\/uploads\/2025\/03\/Kosmetikerin-1.jpg\" class=\"attachment-medium_large size-medium_large wp-image-2030\" alt=\"\" srcset=\"https:\/\/kateryna.frings-medienservice.de\/wp-content\/uploads\/2025\/03\/Kosmetikerin-1.jpg 504w, https:\/\/kateryna.frings-medienservice.de\/wp-content\/uploads\/2025\/03\/Kosmetikerin-1-300x269.jpg 300w, https:\/\/kateryna.frings-medienservice.de\/wp-content\/uploads\/2025\/03\/Kosmetikerin-1-13x12.jpg 13w\" sizes=\"(max-width: 504px) 100vw, 504px\" \/>\t\t\t\t\t\t\t\t\t\t\t\t\t\t\t<\/div>\n\t\t\t\t<\/div>\n\t\t\t\t\t<\/div>\n\t\t<\/div>\n\t\t\t\t<div class=\"elementor-column elementor-col-50 elementor-top-column elementor-element elementor-element-c41f378\" data-id=\"c41f378\" data-element_type=\"column\">\n\t\t\t<div class=\"elementor-widget-wrap elementor-element-populated\">\n\t\t\t\t\t\t<div class=\"elementor-element elementor-element-89d42a3 elementor-widget elementor-widget-heading\" data-id=\"89d42a3\" data-element_type=\"widget\" data-widget_type=\"heading.default\">\n\t\t\t\t<div class=\"elementor-widget-container\">\n\t\t\t\t\t<h4 class=\"elementor-heading-title elementor-size-default\">Unsere Kosmetik-Services:<\/h4>\t\t\t\t<\/div>\n\t\t\t\t<\/div>\n\t\t\t\t<div class=\"elementor-element elementor-element-15e095d elementor-widget elementor-widget-text-editor\" data-id=\"15e095d\" data-element_type=\"widget\" data-widget_type=\"text-editor.default\">\n\t\t\t\t<div class=\"elementor-widget-container\">\n\t\t\t\t\t\t\t\t\t<ul><li>Gesichtsbehandlungen \u2013 Tiefenreinigung,<\/li><li>Feuchtigkeit &amp; Anti-Aging<\/li><li>Peelings &amp; Masken \u2013 F\u00fcr ein frisches, strahlendes Hautbild<\/li><li>Augenbrauen- &amp; Wimpernstyling \u2013<\/li><li>F\u00e4rben, Lifting &amp; Laminierung<\/li><li>Manik\u00fcre &amp; Pedik\u00fcre \u2013 Pflege &amp;<\/li><li>Perfektion f\u00fcr H\u00e4nde &amp; F\u00fc\u00dfe<\/li><li>Haarentfernung \u2013 Sanfte Methoden f\u00fcr glatte Haut<\/li><\/ul>\t\t\t\t\t\t\t\t<\/div>\n\t\t\t\t<\/div>\n\t\t\t\t<div class=\"elementor-element elementor-element-ca9bb55 elementor-align-left elementor-widget elementor-widget-button\" data-id=\"ca9bb55\" data-element_type=\"widget\" data-widget_type=\"button.default\">\n\t\t\t\t<div class=\"elementor-widget-container\">\n\t\t\t\t\t\t\t\t\t<div class=\"elementor-button-wrapper\">\n\t\t\t\t\t<a class=\"elementor-button elementor-button-link elementor-size-sm\" href=\"https:\/\/kateryna.frings-medienservice.de\/uk\/kontakt\/\">\n\t\t\t\t\t\t<span class=\"elementor-button-content-wrapper\">\n\t\t\t\t\t\t\t\t\t<span class=\"elementor-button-text\">Jetz Termin Buchen<\/span>\n\t\t\t\t\t<\/span>\n\t\t\t\t\t<\/a>\n\t\t\t\t<\/div>\n\t\t\t\t\t\t\t\t<\/div>\n\t\t\t\t<\/div>\n\t\t\t\t\t<\/div>\n\t\t<\/div>\n\t\t\t\t\t<\/div>\n\t\t<\/section>\n\t\t\t\t<\/div>","protected":false},"excerpt":{"rendered":"<p>Kosmetik \u2013 Verw\u00f6hnmomente f\u00fcr Haut &amp; Seele Sch\u00f6ne Haut beginnt mit der richtigen Pflege! In unserem Beauty-Salon bieten wir ma\u00dfgeschneiderte Kosmetikbehandlungen, die deine Haut pflegen, verj\u00fcngen und ihr einen gesunden Glow verleihen. Unsere Experten verwenden hochwertige Produkte und modernste Techniken, um deine Hautbed\u00fcrfnisse optimal zu erf\u00fcllen. G\u00f6nn dir eine Auszeit und genie\u00dfe pure Entspannung \u2013 [&hellip;]<\/p>","protected":false},"author":1,"featured_media":0,"parent":0,"menu_order":0,"comment_status":"closed","ping_status":"closed","template":"","meta":{"site-sidebar-layout":"no-sidebar","site-content-layout":"page-builder","ast-site-content-layout":"full-width-container","site-content-style":"default","site-sidebar-style":"default","ast-global-header-display":"","ast-banner-title-visibility":"","ast-main-header-display":"","ast-hfb-above-header-display":"","ast-hfb-below-header-display":"","ast-hfb-mobile-header-display":"","site-post-title":"disabled","ast-breadcrumbs-content":"","ast-featured-img":"disabled","footer-sml-layout":"","theme-transparent-header-meta":"","adv-header-id-meta":"","stick-header-meta":"","header-above-stick-meta":"","header-main-stick-meta":"","header-below-stick-meta":"","astra-migrate-meta-layouts":"set","ast-page-background-enabled":"default","ast-page-background-meta":{"desktop":{"background-color":"","background-image":"","background-repeat":"repeat","background-position":"center center","background-size":"auto","background-attachment":"scroll","background-type":"","background-media":"","overlay-type":"","overlay-color":"","overlay-opacity":"","overlay-gradient":""},"tablet":{"background-color":"","background-image":"","background-repeat":"repeat","background-position":"center center","background-size":"auto","background-attachment":"scroll","background-type":"","background-media":"","overlay-type":"","overlay-color":"","overlay-opacity":"","overlay-gradient":""},"mobile":{"background-color":"","background-image":"","background-repeat":"repeat","background-position":"center center","background-size":"auto","background-attachment":"scroll","background-type":"","background-media":"","overlay-type":"","overlay-color":"","overlay-opacity":"","overlay-gradient":""}},"ast-content-background-meta":{"desktop":{"background-color":"var(--ast-global-color-5)","background-image":"","background-repeat":"repeat","background-position":"center center","background-size":"auto","background-attachment":"scroll","background-type":"","background-media":"","overlay-type":"","overlay-color":"","overlay-opacity":"","overlay-gradient":""},"tablet":{"background-color":"var(--ast-global-color-5)","background-image":"","background-repeat":"repeat","background-position":"center center","background-size":"auto","background-attachment":"scroll","background-type":"","background-media":"","overlay-type":"","overlay-color":"","overlay-opacity":"","overlay-gradient":""},"mobile":{"background-color":"var(--ast-global-color-5)","background-image":"","background-repeat":"repeat","background-position":"center center","background-size":"auto","background-attachment":"scroll","background-type":"","background-media":"","overlay-type":"","overlay-color":"","overlay-opacity":"","overlay-gradient":""}},"footnotes":""},"class_list":["post-1327","page","type-page","status-publish","hentry"],"yoast_head":"<!-- This site is optimized with the Yoast SEO plugin v24.6 - https:\/\/yoast.com\/wordpress\/plugins\/seo\/ -->\n<title>Kosmetik - kateryna.frings-medienservice.de<\/title>\n<meta name=\"robots\" content=\"index, follow, max-snippet:-1, max-image-preview:large, max-video-preview:-1\" \/>\n<link rel=\"canonical\" href=\"https:\/\/kateryna.frings-medienservice.de\/uk\/kosmetik\/\" \/>\n<meta property=\"og:locale\" content=\"uk_UA\" \/>\n<meta property=\"og:type\" content=\"article\" \/>\n<meta property=\"og:title\" content=\"Kosmetik - kateryna.frings-medienservice.de\" \/>\n<meta property=\"og:description\" content=\"Kosmetik \u2013 Verw\u00f6hnmomente f\u00fcr Haut &amp; Seele Sch\u00f6ne Haut beginnt mit der richtigen Pflege! In unserem Beauty-Salon bieten wir ma\u00dfgeschneiderte Kosmetikbehandlungen, die deine Haut pflegen, verj\u00fcngen und ihr einen gesunden Glow verleihen. Unsere Experten verwenden hochwertige Produkte und modernste Techniken, um deine Hautbed\u00fcrfnisse optimal zu erf\u00fcllen. G\u00f6nn dir eine Auszeit und genie\u00dfe pure Entspannung \u2013 [&hellip;]\" \/>\n<meta property=\"og:url\" content=\"https:\/\/kateryna.frings-medienservice.de\/uk\/kosmetik\/\" \/>\n<meta property=\"og:site_name\" content=\"kateryna.frings-medienservice.de\" \/>\n<meta property=\"article:modified_time\" content=\"2025-03-05T08:14:28+00:00\" \/>\n<meta property=\"og:image\" content=\"https:\/\/kateryna.frings-medienservice.de\/wp-content\/uploads\/2025\/03\/Kosmetikerin-1.jpg\" \/>\n<meta name=\"twitter:card\" content=\"summary_large_image\" \/>\n<meta name=\"twitter:label1\" content=\"\u041f\u0440\u0438\u0431\u043b. \u0447\u0430\u0441 \u0447\u0438\u0442\u0430\u043d\u043d\u044f\" \/>\n\t<meta name=\"twitter:data1\" content=\"2 \u0445\u0432\u0438\u043b\u0438\u043d\u0438\" \/>\n<script type=\"application\/ld+json\" class=\"yoast-schema-graph\">{\"@context\":\"https:\/\/schema.org\",\"@graph\":[{\"@type\":\"WebPage\",\"@id\":\"https:\/\/kateryna.frings-medienservice.de\/kosmetik\/\",\"url\":\"https:\/\/kateryna.frings-medienservice.de\/kosmetik\/\",\"name\":\"Kosmetik - kateryna.frings-medienservice.de\",\"isPartOf\":{\"@id\":\"https:\/\/kateryna.frings-medienservice.de\/#website\"},\"primaryImageOfPage\":{\"@id\":\"https:\/\/kateryna.frings-medienservice.de\/kosmetik\/#primaryimage\"},\"image\":{\"@id\":\"https:\/\/kateryna.frings-medienservice.de\/kosmetik\/#primaryimage\"},\"thumbnailUrl\":\"https:\/\/kateryna.frings-medienservice.de\/wp-content\/uploads\/2025\/03\/Kosmetikerin-1.jpg\",\"datePublished\":\"2025-02-27T15:50:47+00:00\",\"dateModified\":\"2025-03-05T08:14:28+00:00\",\"breadcrumb\":{\"@id\":\"https:\/\/kateryna.frings-medienservice.de\/kosmetik\/#breadcrumb\"},\"inLanguage\":\"uk\",\"potentialAction\":[{\"@type\":\"ReadAction\",\"target\":[\"https:\/\/kateryna.frings-medienservice.de\/kosmetik\/\"]}]},{\"@type\":\"ImageObject\",\"inLanguage\":\"uk\",\"@id\":\"https:\/\/kateryna.frings-medienservice.de\/kosmetik\/#primaryimage\",\"url\":\"https:\/\/kateryna.frings-medienservice.de\/wp-content\/uploads\/2025\/03\/Kosmetikerin-1.jpg\",\"contentUrl\":\"https:\/\/kateryna.frings-medienservice.de\/wp-content\/uploads\/2025\/03\/Kosmetikerin-1.jpg\"},{\"@type\":\"BreadcrumbList\",\"@id\":\"https:\/\/kateryna.frings-medienservice.de\/kosmetik\/#breadcrumb\",\"itemListElement\":[{\"@type\":\"ListItem\",\"position\":1,\"name\":\"Startseite\",\"item\":\"https:\/\/kateryna.frings-medienservice.de\/\"},{\"@type\":\"ListItem\",\"position\":2,\"name\":\"Kosmetik\"}]},{\"@type\":\"WebSite\",\"@id\":\"https:\/\/kateryna.frings-medienservice.de\/#website\",\"url\":\"https:\/\/kateryna.frings-medienservice.de\/\",\"name\":\"kateryna.frings-medienservice.de\",\"description\":\"\",\"potentialAction\":[{\"@type\":\"SearchAction\",\"target\":{\"@type\":\"EntryPoint\",\"urlTemplate\":\"https:\/\/kateryna.frings-medienservice.de\/?s={search_term_string}\"},\"query-input\":{\"@type\":\"PropertyValueSpecification\",\"valueRequired\":true,\"valueName\":\"search_term_string\"}}],\"inLanguage\":\"uk\"}]}<\/script>\n<!-- \/ Yoast SEO plugin. -->","yoast_head_json":{"title":"Kosmetik - kateryna.frings-medienservice.de","robots":{"index":"index","follow":"follow","max-snippet":"max-snippet:-1","max-image-preview":"max-image-preview:large","max-video-preview":"max-video-preview:-1"},"canonical":"https:\/\/kateryna.frings-medienservice.de\/uk\/kosmetik\/","og_locale":"uk_UA","og_type":"article","og_title":"Kosmetik - kateryna.frings-medienservice.de","og_description":"Kosmetik \u2013 Verw\u00f6hnmomente f\u00fcr Haut &amp; Seele Sch\u00f6ne Haut beginnt mit der richtigen Pflege! In unserem Beauty-Salon bieten wir ma\u00dfgeschneiderte Kosmetikbehandlungen, die deine Haut pflegen, verj\u00fcngen und ihr einen gesunden Glow verleihen. Unsere Experten verwenden hochwertige Produkte und modernste Techniken, um deine Hautbed\u00fcrfnisse optimal zu erf\u00fcllen. G\u00f6nn dir eine Auszeit und genie\u00dfe pure Entspannung \u2013 [&hellip;]","og_url":"https:\/\/kateryna.frings-medienservice.de\/uk\/kosmetik\/","og_site_name":"kateryna.frings-medienservice.de","article_modified_time":"2025-03-05T08:14:28+00:00","og_image":[{"url":"https:\/\/kateryna.frings-medienservice.de\/wp-content\/uploads\/2025\/03\/Kosmetikerin-1.jpg","type":"","width":"","height":""}],"twitter_card":"summary_large_image","twitter_misc":{"\u041f\u0440\u0438\u0431\u043b. \u0447\u0430\u0441 \u0447\u0438\u0442\u0430\u043d\u043d\u044f":"2 \u0445\u0432\u0438\u043b\u0438\u043d\u0438"},"schema":{"@context":"https:\/\/schema.org","@graph":[{"@type":"WebPage","@id":"https:\/\/kateryna.frings-medienservice.de\/kosmetik\/","url":"https:\/\/kateryna.frings-medienservice.de\/kosmetik\/","name":"Kosmetik - kateryna.frings-medienservice.de","isPartOf":{"@id":"https:\/\/kateryna.frings-medienservice.de\/#website"},"primaryImageOfPage":{"@id":"https:\/\/kateryna.frings-medienservice.de\/kosmetik\/#primaryimage"},"image":{"@id":"https:\/\/kateryna.frings-medienservice.de\/kosmetik\/#primaryimage"},"thumbnailUrl":"https:\/\/kateryna.frings-medienservice.de\/wp-content\/uploads\/2025\/03\/Kosmetikerin-1.jpg","datePublished":"2025-02-27T15:50:47+00:00","dateModified":"2025-03-05T08:14:28+00:00","breadcrumb":{"@id":"https:\/\/kateryna.frings-medienservice.de\/kosmetik\/#breadcrumb"},"inLanguage":"uk","potentialAction":[{"@type":"ReadAction","target":["https:\/\/kateryna.frings-medienservice.de\/kosmetik\/"]}]},{"@type":"ImageObject","inLanguage":"uk","@id":"https:\/\/kateryna.frings-medienservice.de\/kosmetik\/#primaryimage","url":"https:\/\/kateryna.frings-medienservice.de\/wp-content\/uploads\/2025\/03\/Kosmetikerin-1.jpg","contentUrl":"https:\/\/kateryna.frings-medienservice.de\/wp-content\/uploads\/2025\/03\/Kosmetikerin-1.jpg"},{"@type":"BreadcrumbList","@id":"https:\/\/kateryna.frings-medienservice.de\/kosmetik\/#breadcrumb","itemListElement":[{"@type":"ListItem","position":1,"name":"Startseite","item":"https:\/\/kateryna.frings-medienservice.de\/"},{"@type":"ListItem","position":2,"name":"Kosmetik"}]},{"@type":"WebSite","@id":"https:\/\/kateryna.frings-medienservice.de\/#website","url":"https:\/\/kateryna.frings-medienservice.de\/","name":"kateryna.frings-medienservice.de","description":"","potentialAction":[{"@type":"SearchAction","target":{"@type":"EntryPoint","urlTemplate":"https:\/\/kateryna.frings-medienservice.de\/?s={search_term_string}"},"query-input":{"@type":"PropertyValueSpecification","valueRequired":true,"valueName":"search_term_string"}}],"inLanguage":"uk"}]}},"_links":{"self":[{"href":"https:\/\/kateryna.frings-medienservice.de\/uk\/wp-json\/wp\/v2\/pages\/1327","targetHints":{"allow":["GET"]}}],"collection":[{"href":"https:\/\/kateryna.frings-medienservice.de\/uk\/wp-json\/wp\/v2\/pages"}],"about":[{"href":"https:\/\/kateryna.frings-medienservice.de\/uk\/wp-json\/wp\/v2\/types\/page"}],"author":[{"embeddable":true,"href":"https:\/\/kateryna.frings-medienservice.de\/uk\/wp-json\/wp\/v2\/users\/1"}],"replies":[{"embeddable":true,"href":"https:\/\/kateryna.frings-medienservice.de\/uk\/wp-json\/wp\/v2\/comments?post=1327"}],"version-history":[{"count":10,"href":"https:\/\/kateryna.frings-medienservice.de\/uk\/wp-json\/wp\/v2\/pages\/1327\/revisions"}],"predecessor-version":[{"id":2272,"href":"https:\/\/kateryna.frings-medienservice.de\/uk\/wp-json\/wp\/v2\/pages\/1327\/revisions\/2272"}],"wp:attachment":[{"href":"https:\/\/kateryna.frings-medienservice.de\/uk\/wp-json\/wp\/v2\/media?parent=1327"}],"curies":[{"name":"wp","href":"https:\/\/api.w.org\/{rel}","templated":true}]}}