{"id":542,"date":"2025-02-24T12:30:11","date_gmt":"2025-02-24T11:30:11","guid":{"rendered":"https:\/\/kateryna.frings-medienservice.de\/services\/"},"modified":"2025-03-03T12:34:53","modified_gmt":"2025-03-03T11:34:53","slug":"leistungen","status":"publish","type":"page","link":"https:\/\/kateryna.frings-medienservice.de\/uk\/leistungen\/","title":{"rendered":"\u041f\u043e\u0441\u043b\u0443\u0433\u0438"},"content":{"rendered":"<div data-elementor-type=\"wp-post\" data-elementor-id=\"542\" class=\"elementor elementor-542\">\n\t\t\t\t<div class=\"elementor-element elementor-element-ecdc542 e-flex e-con-boxed e-con e-parent\" data-id=\"ecdc542\" data-element_type=\"container\" data-settings=\"{&quot;background_background&quot;:&quot;classic&quot;}\">\n\t\t\t\t\t<div class=\"e-con-inner\">\n\t\t<div class=\"elementor-element elementor-element-341f31e e-con-full e-flex e-con e-child\" data-id=\"341f31e\" data-element_type=\"container\">\n\t\t\t\t<div class=\"elementor-element elementor-element-c607c23 elementor-widget elementor-widget-heading\" data-id=\"c607c23\" data-element_type=\"widget\" data-widget_type=\"heading.default\">\n\t\t\t\t<div class=\"elementor-widget-container\">\n\t\t\t\t\t<h1 class=\"elementor-heading-title elementor-size-default\">Unsere Leistungen<\/h1>\t\t\t\t<\/div>\n\t\t\t\t<\/div>\n\t\t\t\t<\/div>\n\t\t\t\t\t<\/div>\n\t\t\t\t<\/div>\n\t\t<div class=\"elementor-element elementor-element-1ea260a e-flex e-con-boxed e-con e-parent\" data-id=\"1ea260a\" data-element_type=\"container\">\n\t\t\t\t\t<div class=\"e-con-inner\">\n\t\t<div class=\"elementor-element elementor-element-53e9612 e-con-full e-flex e-con e-child\" data-id=\"53e9612\" data-element_type=\"container\">\n\t\t\t\t<div class=\"elementor-element elementor-element-7179047 elementor-widget elementor-widget-heading\" data-id=\"7179047\" data-element_type=\"widget\" data-widget_type=\"heading.default\">\n\t\t\t\t<div class=\"elementor-widget-container\">\n\t\t\t\t\t<h2 class=\"elementor-heading-title elementor-size-default\">Unsere Leistungen<\/h2>\t\t\t\t<\/div>\n\t\t\t\t<\/div>\n\t\t\t\t<div class=\"elementor-element elementor-element-9db05f7 elementor-widget-divider--view-line elementor-widget elementor-widget-divider\" data-id=\"9db05f7\" data-element_type=\"widget\" data-widget_type=\"divider.default\">\n\t\t\t\t<div class=\"elementor-widget-container\">\n\t\t\t\t\t\t\t<div class=\"elementor-divider\">\n\t\t\t<span class=\"elementor-divider-separator\">\n\t\t\t\t\t\t<\/span>\n\t\t<\/div>\n\t\t\t\t\t\t<\/div>\n\t\t\t\t<\/div>\n\t\t\t\t<div class=\"elementor-element elementor-element-18e4ffe elementor-widget elementor-widget-text-editor\" data-id=\"18e4ffe\" data-element_type=\"widget\" data-widget_type=\"text-editor.default\">\n\t\t\t\t<div class=\"elementor-widget-container\">\n\t\t\t\t\t\t\t\t\t<p>Wir bieten dir ein exklusives Beauty-Erlebnis mit individuellen Behandlungen, die perfekt auf deine W\u00fcnsche abgestimmt sind. Unser erfahrenes Team sorgt mit professionellen Techniken und hochwertigen Produkten daf\u00fcr, dass du dich rundum sch\u00f6n und wohlf\u00fchlst.<\/p>\t\t\t\t\t\t\t\t<\/div>\n\t\t\t\t<\/div>\n\t\t\t\t<\/div>\n\t\t\t\t\t<\/div>\n\t\t\t\t<\/div>\n\t\t\t\t<section class=\"elementor-section elementor-top-section elementor-element elementor-element-51b2433a elementor-section-content-middle elementor-section-boxed elementor-section-height-default elementor-section-height-default\" data-id=\"51b2433a\" data-element_type=\"section\" data-settings=\"{&quot;background_background&quot;:&quot;classic&quot;}\">\n\t\t\t\t\t\t\t<div class=\"elementor-background-overlay\"><\/div>\n\t\t\t\t\t\t\t<div class=\"elementor-container elementor-column-gap-no\">\n\t\t\t\t\t<div class=\"elementor-column elementor-col-33 elementor-top-column elementor-element elementor-element-22d9dce0\" data-id=\"22d9dce0\" data-element_type=\"column\">\n\t\t\t<div class=\"elementor-widget-wrap elementor-element-populated\">\n\t\t\t\t\t\t<div class=\"elementor-element elementor-element-5cb21d5e elementor-widget elementor-widget-image\" data-id=\"5cb21d5e\" data-element_type=\"widget\" data-widget_type=\"image.default\">\n\t\t\t\t<div class=\"elementor-widget-container\">\n\t\t\t\t\t\t\t\t\t\t\t\t\t\t\t<img fetchpriority=\"high\" decoding=\"async\" width=\"504\" height=\"452\" src=\"https:\/\/kateryna.frings-medienservice.de\/wp-content\/uploads\/2025\/03\/Firefly-Haarschnitte-Styling.jpg\" class=\"attachment-large size-large wp-image-1609\" alt=\"\" srcset=\"https:\/\/kateryna.frings-medienservice.de\/wp-content\/uploads\/2025\/03\/Firefly-Haarschnitte-Styling.jpg 504w, https:\/\/kateryna.frings-medienservice.de\/wp-content\/uploads\/2025\/03\/Firefly-Haarschnitte-Styling-300x269.jpg 300w, https:\/\/kateryna.frings-medienservice.de\/wp-content\/uploads\/2025\/03\/Firefly-Haarschnitte-Styling-13x12.jpg 13w\" sizes=\"(max-width: 504px) 100vw, 504px\" \/>\t\t\t\t\t\t\t\t\t\t\t\t\t\t\t<\/div>\n\t\t\t\t<\/div>\n\t\t\t\t<div class=\"elementor-element elementor-element-c3be350 elementor-widget elementor-widget-heading\" data-id=\"c3be350\" data-element_type=\"widget\" data-widget_type=\"heading.default\">\n\t\t\t\t<div class=\"elementor-widget-container\">\n\t\t\t\t\t<h4 class=\"elementor-heading-title elementor-size-default\"><a href=\"https:\/\/kateryna.frings-medienservice.de\/uk\/friseur\/\">Haarschnitte &amp; Styling <\/a><\/h4>\t\t\t\t<\/div>\n\t\t\t\t<\/div>\n\t\t\t\t<div class=\"elementor-element elementor-element-6a7bca82 elementor-widget elementor-widget-text-editor\" data-id=\"6a7bca82\" data-element_type=\"widget\" data-widget_type=\"text-editor.default\">\n\t\t\t\t<div class=\"elementor-widget-container\">\n\t\t\t\t\t\t\t\t\t<p>Von klassisch bis modern<\/p><ul><li>Typgerechte Haarschnitte f\u00fcr Damen, Herren &amp; Kinder<\/li><li>Haarfarbe &amp; Str\u00e4hnen (Balayage, Ombr\u00e9, Blondierung)<\/li><li>Haarpflege &amp; Intensivkuren f\u00fcr gesundes, gl\u00e4nzendes Haar<\/li><li>Hochsteckfrisuren &amp; Brautstyling<\/li><\/ul>\t\t\t\t\t\t\t\t<\/div>\n\t\t\t\t<\/div>\n\t\t\t\t\t<\/div>\n\t\t<\/div>\n\t\t\t\t<div class=\"elementor-column elementor-col-33 elementor-top-column elementor-element elementor-element-27a4a4c2\" data-id=\"27a4a4c2\" data-element_type=\"column\">\n\t\t\t<div class=\"elementor-widget-wrap elementor-element-populated\">\n\t\t\t\t\t\t<div class=\"elementor-element elementor-element-1dffcab3 elementor-widget elementor-widget-image\" data-id=\"1dffcab3\" data-element_type=\"widget\" data-widget_type=\"image.default\">\n\t\t\t\t<div class=\"elementor-widget-container\">\n\t\t\t\t\t\t\t\t\t\t\t\t\t\t\t<img decoding=\"async\" width=\"504\" height=\"452\" src=\"https:\/\/kateryna.frings-medienservice.de\/wp-content\/uploads\/2025\/03\/Kosmetikerin.jpg\" class=\"attachment-large size-large wp-image-1613\" alt=\"\" srcset=\"https:\/\/kateryna.frings-medienservice.de\/wp-content\/uploads\/2025\/03\/Kosmetikerin.jpg 504w, https:\/\/kateryna.frings-medienservice.de\/wp-content\/uploads\/2025\/03\/Kosmetikerin-300x269.jpg 300w, https:\/\/kateryna.frings-medienservice.de\/wp-content\/uploads\/2025\/03\/Kosmetikerin-13x12.jpg 13w\" sizes=\"(max-width: 504px) 100vw, 504px\" \/>\t\t\t\t\t\t\t\t\t\t\t\t\t\t\t<\/div>\n\t\t\t\t<\/div>\n\t\t\t\t<div class=\"elementor-element elementor-element-72c791e6 elementor-widget elementor-widget-heading\" data-id=\"72c791e6\" data-element_type=\"widget\" data-widget_type=\"heading.default\">\n\t\t\t\t<div class=\"elementor-widget-container\">\n\t\t\t\t\t<h4 class=\"elementor-heading-title elementor-size-default\"><a href=\"https:\/\/kateryna.frings-medienservice.de\/uk\/kosmetik\/\">Kosmetik &amp; Gesichtspflege <\/a><\/h4>\t\t\t\t<\/div>\n\t\t\t\t<\/div>\n\t\t\t\t<div class=\"elementor-element elementor-element-35f36c1f elementor-widget elementor-widget-text-editor\" data-id=\"35f36c1f\" data-element_type=\"widget\" data-widget_type=\"text-editor.default\">\n\t\t\t\t<div class=\"elementor-widget-container\">\n\t\t\t\t\t\t\t\t\t<p>F\u00fcr eine gesunde, strahlende Haut<\/p><ul><li>Tiefenreinigende Gesichtsbehandlungen f\u00fcr jeden Hauttyp<\/li><li>Anti-Aging &amp; Feuchtigkeitspflege<\/li><li>Augenbrauen- &amp; Wimpernbehandlungen (F\u00e4rben, Laminierung)<\/li><\/ul>\t\t\t\t\t\t\t\t<\/div>\n\t\t\t\t<\/div>\n\t\t\t\t\t<\/div>\n\t\t<\/div>\n\t\t\t\t<div class=\"elementor-column elementor-col-33 elementor-top-column elementor-element elementor-element-9383524\" data-id=\"9383524\" data-element_type=\"column\">\n\t\t\t<div class=\"elementor-widget-wrap elementor-element-populated\">\n\t\t\t\t\t\t<div class=\"elementor-element elementor-element-3b23de64 elementor-widget elementor-widget-image\" data-id=\"3b23de64\" data-element_type=\"widget\" data-widget_type=\"image.default\">\n\t\t\t\t<div class=\"elementor-widget-container\">\n\t\t\t\t\t\t\t\t\t\t\t\t\t\t\t<img decoding=\"async\" width=\"504\" height=\"452\" src=\"https:\/\/kateryna.frings-medienservice.de\/wp-content\/uploads\/2025\/03\/Make-up-Wimpern2-.jpg\" class=\"attachment-large size-large wp-image-1631\" alt=\"\" srcset=\"https:\/\/kateryna.frings-medienservice.de\/wp-content\/uploads\/2025\/03\/Make-up-Wimpern2-.jpg 504w, https:\/\/kateryna.frings-medienservice.de\/wp-content\/uploads\/2025\/03\/Make-up-Wimpern2--300x269.jpg 300w, https:\/\/kateryna.frings-medienservice.de\/wp-content\/uploads\/2025\/03\/Make-up-Wimpern2--13x12.jpg 13w\" sizes=\"(max-width: 504px) 100vw, 504px\" \/>\t\t\t\t\t\t\t\t\t\t\t\t\t\t\t<\/div>\n\t\t\t\t<\/div>\n\t\t\t\t<div class=\"elementor-element elementor-element-7d94cf84 elementor-widget elementor-widget-heading\" data-id=\"7d94cf84\" data-element_type=\"widget\" data-widget_type=\"heading.default\">\n\t\t\t\t<div class=\"elementor-widget-container\">\n\t\t\t\t\t<h4 class=\"elementor-heading-title elementor-size-default\"><a href=\"https:\/\/kateryna.frings-medienservice.de\/uk\/make-up\/\">Make-up &amp; Wimpern<\/a><\/h4>\t\t\t\t<\/div>\n\t\t\t\t<\/div>\n\t\t\t\t<div class=\"elementor-element elementor-element-7431f705 elementor-widget elementor-widget-text-editor\" data-id=\"7431f705\" data-element_type=\"widget\" data-widget_type=\"text-editor.default\">\n\t\t\t\t<div class=\"elementor-widget-container\">\n\t\t\t\t\t\t\t\t\t<p>Perfektes Aussehen f\u00fcr jeden Anlass<\/p><ul><li>Tiefenreinigende Gesichtsbehandlungen f\u00fcr jeden Hauttyp<\/li><li>Anti-Aging &amp; Feuchtigkeitspflege<\/li><li>Augenbrauen- &amp; Wimpernbehandlungen (F\u00e4rben, Laminierung)<\/li><\/ul>\t\t\t\t\t\t\t\t<\/div>\n\t\t\t\t<\/div>\n\t\t\t\t\t<\/div>\n\t\t<\/div>\n\t\t\t\t\t<\/div>\n\t\t<\/section>\n\t\t\t\t<\/div>","protected":false},"excerpt":{"rendered":"<p>Unsere Leistungen Unsere Leistungen Wir bieten dir ein exklusives Beauty-Erlebnis mit individuellen Behandlungen, die perfekt auf deine W\u00fcnsche abgestimmt sind. Unser erfahrenes Team sorgt mit professionellen Techniken und hochwertigen Produkten daf\u00fcr, dass du dich rundum sch\u00f6n und wohlf\u00fchlst. Haarschnitte &amp; Styling Von klassisch bis modern Typgerechte Haarschnitte f\u00fcr Damen, Herren &amp; Kinder Haarfarbe &amp; Str\u00e4hnen [&hellip;]<\/p>","protected":false},"author":1,"featured_media":0,"parent":0,"menu_order":0,"comment_status":"closed","ping_status":"closed","template":"","meta":{"site-sidebar-layout":"no-sidebar","site-content-layout":"page-builder","ast-site-content-layout":"full-width-container","site-content-style":"unboxed","site-sidebar-style":"unboxed","ast-global-header-display":"","ast-banner-title-visibility":"","ast-main-header-display":"","ast-hfb-above-header-display":"","ast-hfb-below-header-display":"","ast-hfb-mobile-header-display":"","site-post-title":"disabled","ast-breadcrumbs-content":"","ast-featured-img":"disabled","footer-sml-layout":"","theme-transparent-header-meta":"enabled","adv-header-id-meta":"","stick-header-meta":"","header-above-stick-meta":"","header-main-stick-meta":"","header-below-stick-meta":"","astra-migrate-meta-layouts":"set","ast-page-background-enabled":"default","ast-page-background-meta":{"desktop":{"background-color":"","background-image":"","background-repeat":"repeat","background-position":"center center","background-size":"auto","background-attachment":"scroll","background-type":"","background-media":"","overlay-type":"","overlay-color":"","overlay-opacity":"","overlay-gradient":""},"tablet":{"background-color":"","background-image":"","background-repeat":"repeat","background-position":"center center","background-size":"auto","background-attachment":"scroll","background-type":"","background-media":"","overlay-type":"","overlay-color":"","overlay-opacity":"","overlay-gradient":""},"mobile":{"background-color":"","background-image":"","background-repeat":"repeat","background-position":"center center","background-size":"auto","background-attachment":"scroll","background-type":"","background-media":"","overlay-type":"","overlay-color":"","overlay-opacity":"","overlay-gradient":""}},"ast-content-background-meta":{"desktop":{"background-color":"var(--ast-global-color-5)","background-image":"","background-repeat":"repeat","background-position":"center center","background-size":"auto","background-attachment":"scroll","background-type":"","background-media":"","overlay-type":"","overlay-color":"","overlay-opacity":"","overlay-gradient":""},"tablet":{"background-color":"var(--ast-global-color-5)","background-image":"","background-repeat":"repeat","background-position":"center center","background-size":"auto","background-attachment":"scroll","background-type":"","background-media":"","overlay-type":"","overlay-color":"","overlay-opacity":"","overlay-gradient":""},"mobile":{"background-color":"var(--ast-global-color-5)","background-image":"","background-repeat":"repeat","background-position":"center center","background-size":"auto","background-attachment":"scroll","background-type":"","background-media":"","overlay-type":"","overlay-color":"","overlay-opacity":"","overlay-gradient":""}},"footnotes":""},"class_list":["post-542","page","type-page","status-publish","hentry"],"yoast_head":"<!-- This site is optimized with the Yoast SEO plugin v24.6 - https:\/\/yoast.com\/wordpress\/plugins\/seo\/ -->\n<title>Leistungen - kateryna.frings-medienservice.de<\/title>\n<meta name=\"robots\" content=\"index, follow, max-snippet:-1, max-image-preview:large, max-video-preview:-1\" \/>\n<link rel=\"canonical\" href=\"https:\/\/kateryna.frings-medienservice.de\/uk\/leistungen\/\" \/>\n<meta property=\"og:locale\" content=\"uk_UA\" \/>\n<meta property=\"og:type\" content=\"article\" \/>\n<meta property=\"og:title\" content=\"Leistungen - kateryna.frings-medienservice.de\" \/>\n<meta property=\"og:description\" content=\"Unsere Leistungen Unsere Leistungen Wir bieten dir ein exklusives Beauty-Erlebnis mit individuellen Behandlungen, die perfekt auf deine W\u00fcnsche abgestimmt sind. Unser erfahrenes Team sorgt mit professionellen Techniken und hochwertigen Produkten daf\u00fcr, dass du dich rundum sch\u00f6n und wohlf\u00fchlst. Haarschnitte &amp; Styling Von klassisch bis modern Typgerechte Haarschnitte f\u00fcr Damen, Herren &amp; Kinder Haarfarbe &amp; Str\u00e4hnen [&hellip;]\" \/>\n<meta property=\"og:url\" content=\"https:\/\/kateryna.frings-medienservice.de\/uk\/leistungen\/\" \/>\n<meta property=\"og:site_name\" content=\"kateryna.frings-medienservice.de\" \/>\n<meta property=\"article:modified_time\" content=\"2025-03-03T11:34:53+00:00\" \/>\n<meta property=\"og:image\" content=\"https:\/\/kateryna.frings-medienservice.de\/wp-content\/uploads\/2025\/03\/Firefly-Haarschnitte-Styling.jpg\" \/>\n\t<meta property=\"og:image:width\" content=\"504\" \/>\n\t<meta property=\"og:image:height\" content=\"452\" \/>\n\t<meta property=\"og:image:type\" content=\"image\/jpeg\" \/>\n<meta name=\"twitter:card\" content=\"summary_large_image\" \/>\n<meta name=\"twitter:label1\" content=\"\u041f\u0440\u0438\u0431\u043b. \u0447\u0430\u0441 \u0447\u0438\u0442\u0430\u043d\u043d\u044f\" \/>\n\t<meta name=\"twitter:data1\" content=\"2 \u0445\u0432\u0438\u043b\u0438\u043d\u0438\" \/>\n<script type=\"application\/ld+json\" class=\"yoast-schema-graph\">{\"@context\":\"https:\/\/schema.org\",\"@graph\":[{\"@type\":\"WebPage\",\"@id\":\"https:\/\/kateryna.frings-medienservice.de\/leistungen\/\",\"url\":\"https:\/\/kateryna.frings-medienservice.de\/leistungen\/\",\"name\":\"Leistungen - kateryna.frings-medienservice.de\",\"isPartOf\":{\"@id\":\"https:\/\/kateryna.frings-medienservice.de\/#website\"},\"primaryImageOfPage\":{\"@id\":\"https:\/\/kateryna.frings-medienservice.de\/leistungen\/#primaryimage\"},\"image\":{\"@id\":\"https:\/\/kateryna.frings-medienservice.de\/leistungen\/#primaryimage\"},\"thumbnailUrl\":\"https:\/\/kateryna.frings-medienservice.de\/wp-content\/uploads\/2025\/03\/Firefly-Haarschnitte-Styling.jpg\",\"datePublished\":\"2025-02-24T11:30:11+00:00\",\"dateModified\":\"2025-03-03T11:34:53+00:00\",\"breadcrumb\":{\"@id\":\"https:\/\/kateryna.frings-medienservice.de\/leistungen\/#breadcrumb\"},\"inLanguage\":\"uk\",\"potentialAction\":[{\"@type\":\"ReadAction\",\"target\":[\"https:\/\/kateryna.frings-medienservice.de\/leistungen\/\"]}]},{\"@type\":\"ImageObject\",\"inLanguage\":\"uk\",\"@id\":\"https:\/\/kateryna.frings-medienservice.de\/leistungen\/#primaryimage\",\"url\":\"https:\/\/kateryna.frings-medienservice.de\/wp-content\/uploads\/2025\/03\/Firefly-Haarschnitte-Styling.jpg\",\"contentUrl\":\"https:\/\/kateryna.frings-medienservice.de\/wp-content\/uploads\/2025\/03\/Firefly-Haarschnitte-Styling.jpg\"},{\"@type\":\"BreadcrumbList\",\"@id\":\"https:\/\/kateryna.frings-medienservice.de\/leistungen\/#breadcrumb\",\"itemListElement\":[{\"@type\":\"ListItem\",\"position\":1,\"name\":\"Startseite\",\"item\":\"https:\/\/kateryna.frings-medienservice.de\/\"},{\"@type\":\"ListItem\",\"position\":2,\"name\":\"Leistungen\"}]},{\"@type\":\"WebSite\",\"@id\":\"https:\/\/kateryna.frings-medienservice.de\/#website\",\"url\":\"https:\/\/kateryna.frings-medienservice.de\/\",\"name\":\"kateryna.frings-medienservice.de\",\"description\":\"\",\"potentialAction\":[{\"@type\":\"SearchAction\",\"target\":{\"@type\":\"EntryPoint\",\"urlTemplate\":\"https:\/\/kateryna.frings-medienservice.de\/?s={search_term_string}\"},\"query-input\":{\"@type\":\"PropertyValueSpecification\",\"valueRequired\":true,\"valueName\":\"search_term_string\"}}],\"inLanguage\":\"uk\"}]}<\/script>\n<!-- \/ Yoast SEO plugin. -->","yoast_head_json":{"title":"Leistungen - kateryna.frings-medienservice.de","robots":{"index":"index","follow":"follow","max-snippet":"max-snippet:-1","max-image-preview":"max-image-preview:large","max-video-preview":"max-video-preview:-1"},"canonical":"https:\/\/kateryna.frings-medienservice.de\/uk\/leistungen\/","og_locale":"uk_UA","og_type":"article","og_title":"Leistungen - kateryna.frings-medienservice.de","og_description":"Unsere Leistungen Unsere Leistungen Wir bieten dir ein exklusives Beauty-Erlebnis mit individuellen Behandlungen, die perfekt auf deine W\u00fcnsche abgestimmt sind. Unser erfahrenes Team sorgt mit professionellen Techniken und hochwertigen Produkten daf\u00fcr, dass du dich rundum sch\u00f6n und wohlf\u00fchlst. Haarschnitte &amp; Styling Von klassisch bis modern Typgerechte Haarschnitte f\u00fcr Damen, Herren &amp; Kinder Haarfarbe &amp; Str\u00e4hnen [&hellip;]","og_url":"https:\/\/kateryna.frings-medienservice.de\/uk\/leistungen\/","og_site_name":"kateryna.frings-medienservice.de","article_modified_time":"2025-03-03T11:34:53+00:00","og_image":[{"width":504,"height":452,"url":"https:\/\/kateryna.frings-medienservice.de\/wp-content\/uploads\/2025\/03\/Firefly-Haarschnitte-Styling.jpg","type":"image\/jpeg"}],"twitter_card":"summary_large_image","twitter_misc":{"\u041f\u0440\u0438\u0431\u043b. \u0447\u0430\u0441 \u0447\u0438\u0442\u0430\u043d\u043d\u044f":"2 \u0445\u0432\u0438\u043b\u0438\u043d\u0438"},"schema":{"@context":"https:\/\/schema.org","@graph":[{"@type":"WebPage","@id":"https:\/\/kateryna.frings-medienservice.de\/leistungen\/","url":"https:\/\/kateryna.frings-medienservice.de\/leistungen\/","name":"Leistungen - kateryna.frings-medienservice.de","isPartOf":{"@id":"https:\/\/kateryna.frings-medienservice.de\/#website"},"primaryImageOfPage":{"@id":"https:\/\/kateryna.frings-medienservice.de\/leistungen\/#primaryimage"},"image":{"@id":"https:\/\/kateryna.frings-medienservice.de\/leistungen\/#primaryimage"},"thumbnailUrl":"https:\/\/kateryna.frings-medienservice.de\/wp-content\/uploads\/2025\/03\/Firefly-Haarschnitte-Styling.jpg","datePublished":"2025-02-24T11:30:11+00:00","dateModified":"2025-03-03T11:34:53+00:00","breadcrumb":{"@id":"https:\/\/kateryna.frings-medienservice.de\/leistungen\/#breadcrumb"},"inLanguage":"uk","potentialAction":[{"@type":"ReadAction","target":["https:\/\/kateryna.frings-medienservice.de\/leistungen\/"]}]},{"@type":"ImageObject","inLanguage":"uk","@id":"https:\/\/kateryna.frings-medienservice.de\/leistungen\/#primaryimage","url":"https:\/\/kateryna.frings-medienservice.de\/wp-content\/uploads\/2025\/03\/Firefly-Haarschnitte-Styling.jpg","contentUrl":"https:\/\/kateryna.frings-medienservice.de\/wp-content\/uploads\/2025\/03\/Firefly-Haarschnitte-Styling.jpg"},{"@type":"BreadcrumbList","@id":"https:\/\/kateryna.frings-medienservice.de\/leistungen\/#breadcrumb","itemListElement":[{"@type":"ListItem","position":1,"name":"Startseite","item":"https:\/\/kateryna.frings-medienservice.de\/"},{"@type":"ListItem","position":2,"name":"Leistungen"}]},{"@type":"WebSite","@id":"https:\/\/kateryna.frings-medienservice.de\/#website","url":"https:\/\/kateryna.frings-medienservice.de\/","name":"kateryna.frings-medienservice.de","description":"","potentialAction":[{"@type":"SearchAction","target":{"@type":"EntryPoint","urlTemplate":"https:\/\/kateryna.frings-medienservice.de\/?s={search_term_string}"},"query-input":{"@type":"PropertyValueSpecification","valueRequired":true,"valueName":"search_term_string"}}],"inLanguage":"uk"}]}},"_links":{"self":[{"href":"https:\/\/kateryna.frings-medienservice.de\/uk\/wp-json\/wp\/v2\/pages\/542","targetHints":{"allow":["GET"]}}],"collection":[{"href":"https:\/\/kateryna.frings-medienservice.de\/uk\/wp-json\/wp\/v2\/pages"}],"about":[{"href":"https:\/\/kateryna.frings-medienservice.de\/uk\/wp-json\/wp\/v2\/types\/page"}],"author":[{"embeddable":true,"href":"https:\/\/kateryna.frings-medienservice.de\/uk\/wp-json\/wp\/v2\/users\/1"}],"replies":[{"embeddable":true,"href":"https:\/\/kateryna.frings-medienservice.de\/uk\/wp-json\/wp\/v2\/comments?post=542"}],"version-history":[{"count":10,"href":"https:\/\/kateryna.frings-medienservice.de\/uk\/wp-json\/wp\/v2\/pages\/542\/revisions"}],"predecessor-version":[{"id":1919,"href":"https:\/\/kateryna.frings-medienservice.de\/uk\/wp-json\/wp\/v2\/pages\/542\/revisions\/1919"}],"wp:attachment":[{"href":"https:\/\/kateryna.frings-medienservice.de\/uk\/wp-json\/wp\/v2\/media?parent=542"}],"curies":[{"name":"wp","href":"https:\/\/api.w.org\/{rel}","templated":true}]}}